{"id":817,"date":"2025-01-10T20:51:45","date_gmt":"2025-01-10T20:51:45","guid":{"rendered":"https:\/\/www.yamanlarotoekspertizdenizli.com\/?page_id=817"},"modified":"2026-02-09T10:27:32","modified_gmt":"2026-02-09T10:27:32","slug":"yamanlar-oto-ekspertiz-paket-fiyatlari","status":"publish","type":"page","link":"https:\/\/www.yamanlarotoekspertizdenizli.com\/?page_id=817","title":{"rendered":"Paket Fiyatlar\u0131m\u0131z"},"content":{"rendered":"<style>.kb-row-layout-id817_db0b61-0e > .kt-row-column-wrap{align-content:start;}:where(.kb-row-layout-id817_db0b61-0e > .kt-row-column-wrap) > .wp-block-kadence-column{justify-content:start;}.kb-row-layout-id817_db0b61-0e > .kt-row-column-wrap{column-gap:var(--global-kb-gap-md, 2rem);row-gap:var(--global-kb-gap-md, 2rem);max-width:var( --global-content-width, 1290px );padding-left:var(--global-content-edge-padding);padding-right:var(--global-content-edge-padding);padding-top:60px;padding-bottom:60px;grid-template-columns:minmax(0, 1fr);}.kb-row-layout-id817_db0b61-0e{background-image:url('http:\/\/www.yamanlarotoekspertizdenizli.com\/wp-content\/uploads\/2025\/01\/Yamanlar-Oto-ekspertiz-paket-fiyatlari-.webp');background-size:cover;background-position:60% 66%;background-attachment:scroll;background-repeat:no-repeat;}.kb-row-layout-id817_db0b61-0e > .kt-row-layout-overlay{opacity:0.30;}@media all and (max-width: 1024px){.kb-row-layout-id817_db0b61-0e > .kt-row-column-wrap{grid-template-columns:minmax(0, 1fr);}}@media all and (max-width: 767px){.kb-row-layout-id817_db0b61-0e > .kt-row-column-wrap{grid-template-columns:minmax(0, 1fr);}}<\/style><div class=\"kb-row-layout-wrap kb-row-layout-id817_db0b61-0e alignnone has-theme-palette8-background-color kt-row-has-bg wp-block-kadence-rowlayout\"><div class=\"kt-row-column-wrap kt-has-1-columns kt-row-layout-equal kt-tab-layout-inherit kt-mobile-layout-row kt-row-valign-top kb-theme-content-width\">\n<style>.kadence-column817_7902b8-cf > .kt-inside-inner-col,.kadence-column817_7902b8-cf > .kt-inside-inner-col:before{border-top-left-radius:0px;border-top-right-radius:0px;border-bottom-right-radius:0px;border-bottom-left-radius:0px;}.kadence-column817_7902b8-cf > .kt-inside-inner-col{column-gap:var(--global-kb-gap-sm, 1rem);}.kadence-column817_7902b8-cf > .kt-inside-inner-col{flex-direction:column;}.kadence-column817_7902b8-cf > .kt-inside-inner-col > .aligncenter{width:100%;}.kadence-column817_7902b8-cf > .kt-inside-inner-col:before{opacity:0.3;}.kadence-column817_7902b8-cf{position:relative;}@media all and (max-width: 1024px){.kadence-column817_7902b8-cf > .kt-inside-inner-col{flex-direction:column;}}@media all and (max-width: 767px){.kadence-column817_7902b8-cf > .kt-inside-inner-col{flex-direction:column;}}<\/style>\n<div class=\"wp-block-kadence-column kadence-column817_7902b8-cf inner-column-1\"><div class=\"kt-inside-inner-col\"><style>.wp-block-kadence-spacer.kt-block-spacer-817_f74e91-f7 .kt-block-spacer{height:20px;}.wp-block-kadence-spacer.kt-block-spacer-817_f74e91-f7 .kt-divider{border-top-width:3px;height:1px;border-top-color:var(--global-palette1, #3182CE);width:5%;border-top-style:solid;}@media all and (max-width: 1024px){.wp-block-kadence-spacer.kt-block-spacer-817_f74e91-f7 .kt-divider{width:10%!important;}}@media all and (max-width: 767px){.wp-block-kadence-spacer.kt-block-spacer-817_f74e91-f7 .kt-divider{width:20%!important;}}<\/style>\n<div class=\"wp-block-kadence-spacer aligncenter kt-block-spacer-817_f74e91-f7\"><div class=\"kt-block-spacer kt-block-spacer-halign-center\"><hr class=\"kt-divider\"\/><\/div><\/div>\n\n\n<style>.wp-block-kadence-advancedheading.kt-adv-heading817_248dad-68, .wp-block-kadence-advancedheading.kt-adv-heading817_248dad-68[data-kb-block=\"kb-adv-heading817_248dad-68\"]{margin-top:0px;text-align:center;font-size:var(--global-kb-font-size-xxl, 4rem);font-style:normal;color:#ffffff;}.wp-block-kadence-advancedheading.kt-adv-heading817_248dad-68 mark.kt-highlight, .wp-block-kadence-advancedheading.kt-adv-heading817_248dad-68[data-kb-block=\"kb-adv-heading817_248dad-68\"] mark.kt-highlight{font-style:normal;color:#f76a0c;-webkit-box-decoration-break:clone;box-decoration-break:clone;padding-top:0px;padding-right:0px;padding-bottom:0px;padding-left:0px;}<\/style>\n<h1 class=\"kt-adv-heading817_248dad-68 wp-block-kadence-advancedheading\" data-kb-block=\"kb-adv-heading817_248dad-68\">Paket Fiyatlar\u0131m\u0131z<\/h1>\n<\/div><\/div>\n\n<\/div><\/div>\n\n<div class=\"wp-block-image\">\n<figure class=\"aligncenter size-large\"><img loading=\"lazy\" decoding=\"async\" width=\"1024\" height=\"655\" src=\"https:\/\/www.yamanlarotoekspertizdenizli.com\/wp-content\/uploads\/2026\/02\/YAMANLAR-OTO-FIYAT-LISTESI-GUNCE-2-1024x655.jpg\" alt=\"\" class=\"wp-image-864\" srcset=\"https:\/\/www.yamanlarotoekspertizdenizli.com\/wp-content\/uploads\/2026\/02\/YAMANLAR-OTO-FIYAT-LISTESI-GUNCE-2-1024x655.jpg 1024w, https:\/\/www.yamanlarotoekspertizdenizli.com\/wp-content\/uploads\/2026\/02\/YAMANLAR-OTO-FIYAT-LISTESI-GUNCE-2-300x192.jpg 300w, https:\/\/www.yamanlarotoekspertizdenizli.com\/wp-content\/uploads\/2026\/02\/YAMANLAR-OTO-FIYAT-LISTESI-GUNCE-2-768x492.jpg 768w, https:\/\/www.yamanlarotoekspertizdenizli.com\/wp-content\/uploads\/2026\/02\/YAMANLAR-OTO-FIYAT-LISTESI-GUNCE-2-1536x983.jpg 1536w, https:\/\/www.yamanlarotoekspertizdenizli.com\/wp-content\/uploads\/2026\/02\/YAMANLAR-OTO-FIYAT-LISTESI-GUNCE-2-2048x1311.jpg 2048w\" sizes=\"auto, (max-width: 1024px) 100vw, 1024px\" \/><\/figure><\/div>\n\n<div class=\"wp-block-image\">\n<figure class=\"aligncenter size-large\"><img loading=\"lazy\" decoding=\"async\" width=\"1024\" height=\"683\" src=\"http:\/\/www.yamanlarotoekspertizdenizli.com\/wp-content\/uploads\/2026\/02\/YAMANLAR-TEKLI-PAKETLER-02-02-20-1024x683.jpg\" alt=\"\" class=\"wp-image-868\" srcset=\"https:\/\/www.yamanlarotoekspertizdenizli.com\/wp-content\/uploads\/2026\/02\/YAMANLAR-TEKLI-PAKETLER-02-02-20-1024x683.jpg 1024w, https:\/\/www.yamanlarotoekspertizdenizli.com\/wp-content\/uploads\/2026\/02\/YAMANLAR-TEKLI-PAKETLER-02-02-20-300x200.jpg 300w, https:\/\/www.yamanlarotoekspertizdenizli.com\/wp-content\/uploads\/2026\/02\/YAMANLAR-TEKLI-PAKETLER-02-02-20-768x512.jpg 768w, https:\/\/www.yamanlarotoekspertizdenizli.com\/wp-content\/uploads\/2026\/02\/YAMANLAR-TEKLI-PAKETLER-02-02-20-1536x1024.jpg 1536w, https:\/\/www.yamanlarotoekspertizdenizli.com\/wp-content\/uploads\/2026\/02\/YAMANLAR-TEKLI-PAKETLER-02-02-20-2048x1365.jpg 2048w\" sizes=\"auto, (max-width: 1024px) 100vw, 1024px\" \/><\/figure><\/div>\n\n<style>.kb-row-layout-id817_aa754c-42 > .kt-row-column-wrap{align-content:start;}:where(.kb-row-layout-id817_aa754c-42 > .kt-row-column-wrap) > .wp-block-kadence-column{justify-content:start;}.kb-row-layout-id817_aa754c-42 > .kt-row-column-wrap{column-gap:var(--global-kb-gap-md, 2rem);row-gap:var(--global-kb-gap-md, 2rem);max-width:var( --global-content-width, 1290px );padding-left:var(--global-content-edge-padding);padding-right:var(--global-content-edge-padding);padding-top:40px;padding-right:30px;padding-bottom:40px;padding-left:30px;grid-template-columns:minmax(0, calc(43.9% - ((var(--global-kb-gap-md, 2rem) * 2 )\/3)))minmax(0, calc(30% - ((var(--global-kb-gap-md, 2rem) * 2 )\/3)))minmax(0, calc(26.1% - ((var(--global-kb-gap-md, 2rem) * 2 )\/3)));}.kb-row-layout-id817_aa754c-42 > .kt-row-layout-overlay{opacity:0.30;}@media all and (max-width: 1024px){.kb-row-layout-id817_aa754c-42 > .kt-row-column-wrap > div:not(.added-for-specificity){grid-column:initial;}}@media all and (max-width: 1024px){.kb-row-layout-id817_aa754c-42 > .kt-row-column-wrap{grid-template-columns:minmax(0, 1fr);}}@media all and (max-width: 767px){.kb-row-layout-id817_aa754c-42 > .kt-row-column-wrap{padding-top:40px;padding-right:20px;padding-bottom:40px;padding-left:20px;grid-template-columns:minmax(0, 1fr);}.kb-row-layout-id817_aa754c-42 > .kt-row-column-wrap > div:not(.added-for-specificity){grid-column:initial;}}<\/style><div class=\"kb-row-layout-wrap kb-row-layout-id817_aa754c-42 alignnone has-theme-palette3-background-color kt-row-has-bg wp-block-kadence-rowlayout\"><div class=\"kt-row-column-wrap kt-has-3-columns kt-row-layout-equal kt-tab-layout-row kt-mobile-layout-row kt-row-valign-top kb-theme-content-width\">\n<style>.kadence-column817_760759-52 > .kt-inside-inner-col,.kadence-column817_760759-52 > .kt-inside-inner-col:before{border-top-left-radius:0px;border-top-right-radius:0px;border-bottom-right-radius:0px;border-bottom-left-radius:0px;}.kadence-column817_760759-52 > .kt-inside-inner-col{column-gap:var(--global-kb-gap-sm, 1rem);}.kadence-column817_760759-52 > .kt-inside-inner-col{flex-direction:column;}.kadence-column817_760759-52 > .kt-inside-inner-col > .aligncenter{width:100%;}.kadence-column817_760759-52 > .kt-inside-inner-col:before{opacity:0.3;}.kadence-column817_760759-52{position:relative;}@media all and (max-width: 1024px){.kadence-column817_760759-52 > .kt-inside-inner-col{padding-left:0px;flex-direction:column;}}@media all and (max-width: 767px){.kadence-column817_760759-52 > .kt-inside-inner-col{padding-left:20px;flex-direction:column;}}<\/style>\n<div class=\"wp-block-kadence-column kadence-column817_760759-52 inner-column-2\"><div class=\"kt-inside-inner-col\"><style>.wp-block-kadence-column.kb-section-dir-horizontal > .kt-inside-inner-col > .kt-info-box817_c8a489-d3 .kt-blocks-info-box-link-wrap{max-width:unset;}.kt-info-box817_c8a489-d3 .kt-blocks-info-box-link-wrap{border-top-left-radius:0px;border-top-right-radius:0px;border-bottom-right-radius:0px;border-bottom-left-radius:0px;background:rgba(64, 50, 48, 0);padding-top:0px;padding-right:0px;padding-bottom:0px;padding-left:0px;}.kt-info-box817_c8a489-d3 .kt-blocks-info-box-link-wrap:hover{background:rgba(64, 50, 48, 0);}.kt-info-box817_c8a489-d3 .kadence-info-box-icon-container .kt-info-svg-icon, .kt-info-box817_c8a489-d3 .kt-info-svg-icon-flip, .kt-info-box817_c8a489-d3 .kt-blocks-info-box-number{font-size:30px;}.kt-info-box817_c8a489-d3 .kt-blocks-info-box-media{color:var(--global-palette3, #1A202C);background:var(--global-palette1, #3182CE);border-color:#eeeeee;border-radius:200px;border-top-width:0px;border-right-width:0px;border-bottom-width:0px;border-left-width:0px;padding-top:20px;padding-right:20px;padding-bottom:20px;padding-left:20px;margin-top:0px;margin-right:20px;margin-bottom:0px;margin-left:0px;}.kt-info-box817_c8a489-d3 .kt-blocks-info-box-media .kadence-info-box-image-intrisic img{border-radius:200px;}.kt-info-box817_c8a489-d3 .kt-blocks-info-box-link-wrap:hover .kt-blocks-info-box-media{color:var(--global-palette3, #1A202C);background:var(--global-palette1, #3182CE);border-color:#eeeeee;}.kt-info-box817_c8a489-d3 .kt-infobox-textcontent h5.kt-blocks-info-box-title{color:var(--global-palette9, #ffffff);font-size:18px;font-family:Manrope;font-style:normal;font-weight:700;padding-top:0px;padding-right:0px;padding-bottom:0px;padding-left:0px;margin-top:5px;margin-right:0px;margin-bottom:0px;margin-left:0px;}.kt-info-box817_c8a489-d3 .kt-blocks-info-box-link-wrap:hover h5.kt-blocks-info-box-title{color:var(--global-palette9, #ffffff);}.kt-info-box817_c8a489-d3 .kt-infobox-textcontent .kt-blocks-info-box-text{color:var(--global-palette9, #ffffff);}.wp-block-kadence-infobox.kt-info-box817_c8a489-d3 .kt-blocks-info-box-text{font-size:30px;font-weight:bold;padding-top:0px;padding-right:0px;padding-bottom:0px;padding-left:0px;margin-top:0px;margin-right:0px;margin-bottom:0px;margin-left:0px;}.kt-info-box817_c8a489-d3 .kt-blocks-info-box-learnmore{background:transparent;border-color:#555555;border-width:0px 0px 0px 0px;padding-top:4px;padding-right:8px;padding-bottom:4px;padding-left:8px;margin-top:10px;margin-right:0px;margin-bottom:10px;margin-left:0px;}.kt-info-box817_c8a489-d3 .kt-blocks-info-box-link-wrap:hover .kt-blocks-info-box-learnmore,.kt-info-box817_c8a489-d3 .kt-blocks-info-box-link-wrap .kt-blocks-info-box-learnmore:focus{color:#ffffff;background:#444444;border-color:#444444;}@media all and (max-width: 1024px){.kt-info-box817_c8a489-d3 .kt-blocks-info-box-link-wrap{text-align:center;display:block;}}@media all and (max-width: 1024px){.kt-info-box817_c8a489-d3 .kt-blocks-info-box-link-wrap .kt-blocks-info-box-media{display:inline-block;max-width:100%;}}@media all and (max-width: 767px){.kt-info-box817_c8a489-d3 .kt-blocks-info-box-link-wrap{text-align:left;display:flex;justify-content:flex-start;flex-direction:row;}.kt-info-box817_c8a489-d3 .kt-blocks-info-box-link-wrap .kt-blocks-info-box-media{display:inline-block;max-width:100%;}}<\/style>\n<div class=\"wp-block-kadence-infobox kt-info-box817_c8a489-d3\"><span class=\"kt-blocks-info-box-link-wrap info-box-link kt-blocks-info-box-media-align-left kt-info-halign-left kb-info-box-vertical-media-align-top kb-info-tablet-halign-center kb-info-mobile-halign-left\"><div class=\"kt-blocks-info-box-media-container\"><div class=\"kt-blocks-info-box-media kt-info-media-animate-none\"><div class=\"kadence-info-box-icon-container kt-info-icon-animate-none\"><div class=\"kadence-info-box-icon-inner-container\"><span class=\"kb-svg-icon-wrap kb-svg-icon-fe_phone kt-info-svg-icon\"><svg viewBox=\"0 0 24 24\"  fill=\"none\" stroke=\"currentColor\" stroke-width=\"2\" stroke-linecap=\"round\" stroke-linejoin=\"round\" xmlns=\"http:\/\/www.w3.org\/2000\/svg\"  aria-hidden=\"true\"><path d=\"M22 16.92v3a2 2 0 0 1-2.18 2 19.79 19.79 0 0 1-8.63-3.07 19.5 19.5 0 0 1-6-6 19.79 19.79 0 0 1-3.07-8.67A2 2 0 0 1 4.11 2h3a2 2 0 0 1 2 1.72 12.84 12.84 0 0 0 .7 2.81 2 2 0 0 1-.45 2.11L8.09 9.91a16 16 0 0 0 6 6l1.27-1.27a2 2 0 0 1 2.11-.45 12.84 12.84 0 0 0 2.81.7A2 2 0 0 1 22 16.92z\"\/><\/svg><\/span><\/div><\/div><\/div><\/div><div class=\"kt-infobox-textcontent\"><h5 class=\"kt-blocks-info-box-title\">Detayl\u0131 Bilgi \u0130\u00e7in Aray\u0131n<\/h5><p class=\"kt-blocks-info-box-text\">0530 687 09 20<\/p><\/div><\/span><\/div>\n<\/div><\/div>\n\n\n<style>.kadence-column817_2e7727-c5 > .kt-inside-inner-col,.kadence-column817_2e7727-c5 > .kt-inside-inner-col:before{border-top-left-radius:0px;border-top-right-radius:0px;border-bottom-right-radius:0px;border-bottom-left-radius:0px;}.kadence-column817_2e7727-c5 > .kt-inside-inner-col{column-gap:var(--global-kb-gap-sm, 1rem);}.kadence-column817_2e7727-c5 > .kt-inside-inner-col{flex-direction:column;}.kadence-column817_2e7727-c5 > .kt-inside-inner-col > .aligncenter{width:100%;}.kadence-column817_2e7727-c5 > .kt-inside-inner-col:before{opacity:0.3;}.kadence-column817_2e7727-c5{position:relative;}@media all and (max-width: 1024px){.kadence-column817_2e7727-c5 > .kt-inside-inner-col{flex-direction:column;}}@media all and (max-width: 767px){.kadence-column817_2e7727-c5 > .kt-inside-inner-col{flex-direction:column;}}<\/style>\n<div class=\"wp-block-kadence-column kadence-column817_2e7727-c5 inner-column-3\"><div class=\"kt-inside-inner-col\"><\/div><\/div>\n\n\n<style>.kadence-column817_1445c9-1d > .kt-inside-inner-col,.kadence-column817_1445c9-1d > .kt-inside-inner-col:before{border-top-left-radius:0px;border-top-right-radius:0px;border-bottom-right-radius:0px;border-bottom-left-radius:0px;}.kadence-column817_1445c9-1d > .kt-inside-inner-col{column-gap:var(--global-kb-gap-sm, 1rem);}.kadence-column817_1445c9-1d > .kt-inside-inner-col{flex-direction:column;}.kadence-column817_1445c9-1d > .kt-inside-inner-col > .aligncenter{width:100%;}.kadence-column817_1445c9-1d > .kt-inside-inner-col:before{opacity:0.3;}.kadence-column817_1445c9-1d{position:relative;}@media all and (max-width: 1024px){.kadence-column817_1445c9-1d > .kt-inside-inner-col{flex-direction:column;}}@media all and (max-width: 767px){.kadence-column817_1445c9-1d > .kt-inside-inner-col{flex-direction:column;}}<\/style>\n<div class=\"wp-block-kadence-column kadence-column817_1445c9-1d\"><div class=\"kt-inside-inner-col\"><\/div><\/div>\n\n<\/div><\/div>","protected":false},"excerpt":{"rendered":"<p>Paket Fiyatlar\u0131m\u0131z<\/p>\n","protected":false},"author":1,"featured_media":0,"parent":0,"menu_order":0,"comment_status":"closed","ping_status":"closed","template":"","meta":{"_kad_blocks_custom_css":"","_kad_blocks_head_custom_js":"","_kad_blocks_body_custom_js":"","_kad_blocks_footer_custom_js":"","_EventAllDay":false,"_EventTimezone":"","_EventStartDate":"","_EventEndDate":"","_EventStartDateUTC":"","_EventEndDateUTC":"","_EventShowMap":false,"_EventShowMapLink":false,"_EventURL":"","_EventCost":"","_EventCostDescription":"","_EventCurrencySymbol":"","_EventCurrencyCode":"","_EventCurrencyPosition":"","_EventDateTimeSeparator":"","_EventTimeRangeSeparator":"","_EventOrganizerID":[],"_EventVenueID":[],"_OrganizerEmail":"","_OrganizerPhone":"","_OrganizerWebsite":"","_VenueAddress":"","_VenueCity":"","_VenueCountry":"","_VenueProvince":"","_VenueState":"","_VenueZip":"","_VenuePhone":"","_VenueURL":"","_VenueStateProvince":"","_VenueLat":"","_VenueLng":"","_VenueShowMap":false,"_VenueShowMapLink":false,"_kadence_starter_templates_imported_post":true,"_kad_post_transparent":"","_kad_post_title":"hide","_kad_post_layout":"fullwidth","_kad_post_sidebar_id":"","_kad_post_content_style":"unboxed","_kad_post_vertical_padding":"hide","_kad_post_feature":"hide","_kad_post_feature_position":"","_kad_post_header":false,"_kad_post_footer":false,"footnotes":""},"class_list":["post-817","page","type-page","status-publish","hentry"],"yoast_head":"<!-- This site is optimized with the Yoast SEO plugin v25.4 - https:\/\/yoast.com\/wordpress\/plugins\/seo\/ -->\n<title>Paket Fiyatlar\u0131m\u0131z - Yamanlar Oto Ekspertiz Denizli<\/title>\n<meta name=\"description\" content=\"Denizli Oto Ekspertiz firmalar\u0131 i\u00e7erisinde en g\u00fcvenilir firma olan Yamanlar Oto Ekspertiz Ferdi G\u00f6k\u00e7e fark\u0131 ile hemen randevu al.\" \/>\n<meta name=\"robots\" content=\"index, follow, max-snippet:-1, max-image-preview:large, max-video-preview:-1\" \/>\n<link rel=\"canonical\" href=\"https:\/\/www.yamanlarotoekspertizdenizli.com\/?page_id=817\" \/>\n<meta property=\"og:locale\" content=\"tr_TR\" \/>\n<meta property=\"og:type\" content=\"article\" \/>\n<meta property=\"og:title\" content=\"Paket Fiyatlar\u0131m\u0131z - Yamanlar Oto Ekspertiz Denizli\" \/>\n<meta property=\"og:description\" content=\"Denizli Oto Ekspertiz firmalar\u0131 i\u00e7erisinde en g\u00fcvenilir firma olan Yamanlar Oto Ekspertiz Ferdi G\u00f6k\u00e7e fark\u0131 ile hemen randevu al.\" \/>\n<meta property=\"og:url\" content=\"https:\/\/www.yamanlarotoekspertizdenizli.com\/?page_id=817\" \/>\n<meta property=\"og:site_name\" content=\"Yamanlar Oto Ekspertiz Denizli\" \/>\n<meta property=\"article:modified_time\" content=\"2026-02-09T10:27:32+00:00\" \/>\n<meta property=\"og:image\" content=\"https:\/\/www.yamanlarotoekspertizdenizli.com\/wp-content\/uploads\/2026\/02\/YAMANLAR-OTO-FIYAT-LISTESI-GUNCE-2-scaled.jpg\" \/>\n\t<meta property=\"og:image:width\" content=\"2560\" \/>\n\t<meta property=\"og:image:height\" content=\"1638\" \/>\n\t<meta property=\"og:image:type\" content=\"image\/jpeg\" \/>\n<meta name=\"twitter:card\" content=\"summary_large_image\" \/>\n<meta name=\"twitter:label1\" content=\"Tahmini okuma s\u00fcresi\" \/>\n\t<meta name=\"twitter:data1\" content=\"1 dakika\" \/>\n<script type=\"application\/ld+json\" class=\"yoast-schema-graph\">{\"@context\":\"https:\/\/schema.org\",\"@graph\":[{\"@type\":\"WebPage\",\"@id\":\"https:\/\/www.yamanlarotoekspertizdenizli.com\/?page_id=817\",\"url\":\"https:\/\/www.yamanlarotoekspertizdenizli.com\/?page_id=817\",\"name\":\"Paket Fiyatlar\u0131m\u0131z - Yamanlar Oto Ekspertiz Denizli\",\"isPartOf\":{\"@id\":\"https:\/\/www.yamanlarotoekspertizdenizli.com\/#website\"},\"primaryImageOfPage\":{\"@id\":\"https:\/\/www.yamanlarotoekspertizdenizli.com\/?page_id=817#primaryimage\"},\"image\":{\"@id\":\"https:\/\/www.yamanlarotoekspertizdenizli.com\/?page_id=817#primaryimage\"},\"thumbnailUrl\":\"https:\/\/www.yamanlarotoekspertizdenizli.com\/wp-content\/uploads\/2026\/02\/YAMANLAR-OTO-FIYAT-LISTESI-GUNCE-2-1024x655.jpg\",\"datePublished\":\"2025-01-10T20:51:45+00:00\",\"dateModified\":\"2026-02-09T10:27:32+00:00\",\"description\":\"Denizli Oto Ekspertiz firmalar\u0131 i\u00e7erisinde en g\u00fcvenilir firma olan Yamanlar Oto Ekspertiz Ferdi G\u00f6k\u00e7e fark\u0131 ile hemen randevu al.\",\"breadcrumb\":{\"@id\":\"https:\/\/www.yamanlarotoekspertizdenizli.com\/?page_id=817#breadcrumb\"},\"inLanguage\":\"tr\",\"potentialAction\":[{\"@type\":\"ReadAction\",\"target\":[\"https:\/\/www.yamanlarotoekspertizdenizli.com\/?page_id=817\"]}]},{\"@type\":\"ImageObject\",\"inLanguage\":\"tr\",\"@id\":\"https:\/\/www.yamanlarotoekspertizdenizli.com\/?page_id=817#primaryimage\",\"url\":\"https:\/\/www.yamanlarotoekspertizdenizli.com\/wp-content\/uploads\/2026\/02\/YAMANLAR-OTO-FIYAT-LISTESI-GUNCE-2-scaled.jpg\",\"contentUrl\":\"https:\/\/www.yamanlarotoekspertizdenizli.com\/wp-content\/uploads\/2026\/02\/YAMANLAR-OTO-FIYAT-LISTESI-GUNCE-2-scaled.jpg\",\"width\":2560,\"height\":1638},{\"@type\":\"BreadcrumbList\",\"@id\":\"https:\/\/www.yamanlarotoekspertizdenizli.com\/?page_id=817#breadcrumb\",\"itemListElement\":[{\"@type\":\"ListItem\",\"position\":1,\"name\":\"Anasayfa\",\"item\":\"https:\/\/www.yamanlarotoekspertizdenizli.com\/\"},{\"@type\":\"ListItem\",\"position\":2,\"name\":\"Paket Fiyatlar\u0131m\u0131z\"}]},{\"@type\":\"WebSite\",\"@id\":\"https:\/\/www.yamanlarotoekspertizdenizli.com\/#website\",\"url\":\"https:\/\/www.yamanlarotoekspertizdenizli.com\/\",\"name\":\"Yamanlar Oto Ekspertiz Denizli\",\"description\":\"Denizli Yamanlar\",\"potentialAction\":[{\"@type\":\"SearchAction\",\"target\":{\"@type\":\"EntryPoint\",\"urlTemplate\":\"https:\/\/www.yamanlarotoekspertizdenizli.com\/?s={search_term_string}\"},\"query-input\":{\"@type\":\"PropertyValueSpecification\",\"valueRequired\":true,\"valueName\":\"search_term_string\"}}],\"inLanguage\":\"tr\"}]}<\/script>\n<!-- \/ Yoast SEO plugin. -->","yoast_head_json":{"title":"Paket Fiyatlar\u0131m\u0131z - Yamanlar Oto Ekspertiz Denizli","description":"Denizli Oto Ekspertiz firmalar\u0131 i\u00e7erisinde en g\u00fcvenilir firma olan Yamanlar Oto Ekspertiz Ferdi G\u00f6k\u00e7e fark\u0131 ile hemen randevu al.","robots":{"index":"index","follow":"follow","max-snippet":"max-snippet:-1","max-image-preview":"max-image-preview:large","max-video-preview":"max-video-preview:-1"},"canonical":"https:\/\/www.yamanlarotoekspertizdenizli.com\/?page_id=817","og_locale":"tr_TR","og_type":"article","og_title":"Paket Fiyatlar\u0131m\u0131z - Yamanlar Oto Ekspertiz Denizli","og_description":"Denizli Oto Ekspertiz firmalar\u0131 i\u00e7erisinde en g\u00fcvenilir firma olan Yamanlar Oto Ekspertiz Ferdi G\u00f6k\u00e7e fark\u0131 ile hemen randevu al.","og_url":"https:\/\/www.yamanlarotoekspertizdenizli.com\/?page_id=817","og_site_name":"Yamanlar Oto Ekspertiz Denizli","article_modified_time":"2026-02-09T10:27:32+00:00","og_image":[{"width":2560,"height":1638,"url":"https:\/\/www.yamanlarotoekspertizdenizli.com\/wp-content\/uploads\/2026\/02\/YAMANLAR-OTO-FIYAT-LISTESI-GUNCE-2-scaled.jpg","type":"image\/jpeg"}],"twitter_card":"summary_large_image","twitter_misc":{"Tahmini okuma s\u00fcresi":"1 dakika"},"schema":{"@context":"https:\/\/schema.org","@graph":[{"@type":"WebPage","@id":"https:\/\/www.yamanlarotoekspertizdenizli.com\/?page_id=817","url":"https:\/\/www.yamanlarotoekspertizdenizli.com\/?page_id=817","name":"Paket Fiyatlar\u0131m\u0131z - Yamanlar Oto Ekspertiz Denizli","isPartOf":{"@id":"https:\/\/www.yamanlarotoekspertizdenizli.com\/#website"},"primaryImageOfPage":{"@id":"https:\/\/www.yamanlarotoekspertizdenizli.com\/?page_id=817#primaryimage"},"image":{"@id":"https:\/\/www.yamanlarotoekspertizdenizli.com\/?page_id=817#primaryimage"},"thumbnailUrl":"https:\/\/www.yamanlarotoekspertizdenizli.com\/wp-content\/uploads\/2026\/02\/YAMANLAR-OTO-FIYAT-LISTESI-GUNCE-2-1024x655.jpg","datePublished":"2025-01-10T20:51:45+00:00","dateModified":"2026-02-09T10:27:32+00:00","description":"Denizli Oto Ekspertiz firmalar\u0131 i\u00e7erisinde en g\u00fcvenilir firma olan Yamanlar Oto Ekspertiz Ferdi G\u00f6k\u00e7e fark\u0131 ile hemen randevu al.","breadcrumb":{"@id":"https:\/\/www.yamanlarotoekspertizdenizli.com\/?page_id=817#breadcrumb"},"inLanguage":"tr","potentialAction":[{"@type":"ReadAction","target":["https:\/\/www.yamanlarotoekspertizdenizli.com\/?page_id=817"]}]},{"@type":"ImageObject","inLanguage":"tr","@id":"https:\/\/www.yamanlarotoekspertizdenizli.com\/?page_id=817#primaryimage","url":"https:\/\/www.yamanlarotoekspertizdenizli.com\/wp-content\/uploads\/2026\/02\/YAMANLAR-OTO-FIYAT-LISTESI-GUNCE-2-scaled.jpg","contentUrl":"https:\/\/www.yamanlarotoekspertizdenizli.com\/wp-content\/uploads\/2026\/02\/YAMANLAR-OTO-FIYAT-LISTESI-GUNCE-2-scaled.jpg","width":2560,"height":1638},{"@type":"BreadcrumbList","@id":"https:\/\/www.yamanlarotoekspertizdenizli.com\/?page_id=817#breadcrumb","itemListElement":[{"@type":"ListItem","position":1,"name":"Anasayfa","item":"https:\/\/www.yamanlarotoekspertizdenizli.com\/"},{"@type":"ListItem","position":2,"name":"Paket Fiyatlar\u0131m\u0131z"}]},{"@type":"WebSite","@id":"https:\/\/www.yamanlarotoekspertizdenizli.com\/#website","url":"https:\/\/www.yamanlarotoekspertizdenizli.com\/","name":"Yamanlar Oto Ekspertiz Denizli","description":"Denizli Yamanlar","potentialAction":[{"@type":"SearchAction","target":{"@type":"EntryPoint","urlTemplate":"https:\/\/www.yamanlarotoekspertizdenizli.com\/?s={search_term_string}"},"query-input":{"@type":"PropertyValueSpecification","valueRequired":true,"valueName":"search_term_string"}}],"inLanguage":"tr"}]}},"taxonomy_info":[],"featured_image_src_large":false,"author_info":{"display_name":"admin","author_link":"https:\/\/www.yamanlarotoekspertizdenizli.com\/?author=1"},"comment_info":0,"_links":{"self":[{"href":"https:\/\/www.yamanlarotoekspertizdenizli.com\/index.php?rest_route=\/wp\/v2\/pages\/817","targetHints":{"allow":["GET"]}}],"collection":[{"href":"https:\/\/www.yamanlarotoekspertizdenizli.com\/index.php?rest_route=\/wp\/v2\/pages"}],"about":[{"href":"https:\/\/www.yamanlarotoekspertizdenizli.com\/index.php?rest_route=\/wp\/v2\/types\/page"}],"author":[{"embeddable":true,"href":"https:\/\/www.yamanlarotoekspertizdenizli.com\/index.php?rest_route=\/wp\/v2\/users\/1"}],"replies":[{"embeddable":true,"href":"https:\/\/www.yamanlarotoekspertizdenizli.com\/index.php?rest_route=%2Fwp%2Fv2%2Fcomments&post=817"}],"version-history":[{"count":8,"href":"https:\/\/www.yamanlarotoekspertizdenizli.com\/index.php?rest_route=\/wp\/v2\/pages\/817\/revisions"}],"predecessor-version":[{"id":869,"href":"https:\/\/www.yamanlarotoekspertizdenizli.com\/index.php?rest_route=\/wp\/v2\/pages\/817\/revisions\/869"}],"wp:attachment":[{"href":"https:\/\/www.yamanlarotoekspertizdenizli.com\/index.php?rest_route=%2Fwp%2Fv2%2Fmedia&parent=817"}],"curies":[{"name":"wp","href":"https:\/\/api.w.org\/{rel}","templated":true}]}}